{"id":17,"date":"2012-07-10T10:23:38","date_gmt":"2012-07-10T10:23:38","guid":{"rendered":"http:\/\/mta-gelsen.at\/wordpress\/?page_id=17"},"modified":"2022-03-31T13:33:06","modified_gmt":"2022-03-31T11:33:06","slug":"die-drei-saulen","status":"publish","type":"page","link":"http:\/\/mta-gelsen.at\/?page_id=17","title":{"rendered":"Die drei S\u00e4ulen"},"content":{"rendered":"<div id=\"attachment_52\" style=\"width: 310px\" class=\"wp-caption alignright\"><a href=\"http:\/\/mta-gelsen.at\/?attachment_id=52\" rel=\"attachment wp-att-52\"><img loading=\"lazy\" decoding=\"async\" aria-describedby=\"caption-attachment-52\" class=\"size-medium wp-image-52\" src=\"http:\/\/mta-gelsen.at\/wp-content\/uploads\/2012\/07\/Gelsenwehr-300x201.jpg\" alt=\"Einsatz der Gelsenwehr\" width=\"300\" height=\"201\" \/><\/a><p id=\"caption-attachment-52\" class=\"wp-caption-text\">Die Gelsenwehr im Einsatz in den Auw\u00e4ldern<\/p><\/div>\n<p align=\"JUSTIFY\">Die Gelsenregulierung\u00a0kann nur erfolgreich sein, wenn alle Bestrebungen auf\u00a0drei S\u00e4ulen basieren.<\/p>\n<p align=\"JUSTIFY\">Nach wie vor m\u00fcssen T\u00fcmpel oder Gr\u00e4ben, im Ausma\u00df von rund 30 % der gesamt zu betreuenden Fl\u00e4chen, weiterhin sehr aufwendig mit <em><strong>Gelsenwehren<\/strong><\/em> bearbeitet werden, indem der Wirkstoff BTI mit R\u00fcckenspritzen ausgebracht wird.<\/p>\n<p align=\"JUSTIFY\">Nur wenn mit den Gelsenwehren nicht mehr das Auslangen gefunden werden kann, kommt der sehr kostenintensive Einsatz eines <em><strong>Hubschraubers<\/strong><\/em> zur Ausbringung von BTI in Frage.<\/p>\n<p align=\"JUSTIFY\">Auch den \u201e<em><strong>Hausgelsen<\/strong><\/em>&#8220; muss besondere Beachtung geschenkt werden. Leider wird dieser Umstand oftmals bel\u00e4chelt. Es ist aber wissenschaftlich erwiesen, dass es sie gibt. Schon ein wenig Achtsamkeit mit Blickpunkt auf (kleine) Wasserstellen kann sehr hilfreich sein.<\/p>\n<p align=\"JUSTIFY\">Hier sind wir alle gefordert, verehrte B\u00fcrgerinnen und B\u00fcrger der March-Thaya-Auen, denn neben den \u00dcberschwemmungsgelsen machen auch die Hausgelsen einen betr\u00e4chtlichen Teil der Plage aus. Wenn man diese Problematik nicht ernst nimmt, wird sich die Lage allein durch die Hubschrauberfl\u00fcge nicht bessern.<\/p>\n<p align=\"JUSTIFY\">Auch die Zusammenarbeit mit unseren slowakischen Nachbarn wird die Gelsensituation zuk\u00fcnftig verbessern.<\/p>\n","protected":false},"excerpt":{"rendered":"<p>Die Gelsenregulierung\u00a0kann nur erfolgreich sein, wenn alle Bestrebungen auf\u00a0drei S\u00e4ulen basieren. Nach wie vor m\u00fcssen T\u00fcmpel oder Gr\u00e4ben, im Ausma\u00df von rund 30 % der gesamt zu betreuenden Fl\u00e4chen, weiterhin sehr aufwendig mit Gelsenwehren bearbeitet werden, indem der Wirkstoff BTI &hellip; <a href=\"http:\/\/mta-gelsen.at\/?page_id=17\">Weiterlesen <span class=\"meta-nav\">&rarr;<\/span><\/a><\/p>\n","protected":false},"author":1,"featured_media":0,"parent":2,"menu_order":1,"comment_status":"closed","ping_status":"closed","template":"","meta":{"footnotes":""},"_links":{"self":[{"href":"http:\/\/mta-gelsen.at\/index.php?rest_route=\/wp\/v2\/pages\/17"}],"collection":[{"href":"http:\/\/mta-gelsen.at\/index.php?rest_route=\/wp\/v2\/pages"}],"about":[{"href":"http:\/\/mta-gelsen.at\/index.php?rest_route=\/wp\/v2\/types\/page"}],"author":[{"embeddable":true,"href":"http:\/\/mta-gelsen.at\/index.php?rest_route=\/wp\/v2\/users\/1"}],"replies":[{"embeddable":true,"href":"http:\/\/mta-gelsen.at\/index.php?rest_route=%2Fwp%2Fv2%2Fcomments&post=17"}],"version-history":[{"count":13,"href":"http:\/\/mta-gelsen.at\/index.php?rest_route=\/wp\/v2\/pages\/17\/revisions"}],"predecessor-version":[{"id":689,"href":"http:\/\/mta-gelsen.at\/index.php?rest_route=\/wp\/v2\/pages\/17\/revisions\/689"}],"up":[{"embeddable":true,"href":"http:\/\/mta-gelsen.at\/index.php?rest_route=\/wp\/v2\/pages\/2"}],"wp:attachment":[{"href":"http:\/\/mta-gelsen.at\/index.php?rest_route=%2Fwp%2Fv2%2Fmedia&parent=17"}],"curies":[{"name":"wp","href":"https:\/\/api.w.org\/{rel}","templated":true}]}}