{"id":2,"date":"2012-07-09T12:27:53","date_gmt":"2012-07-09T12:27:53","guid":{"rendered":"http:\/\/mta-gelsen.at\/wordpress\/?page_id=2"},"modified":"2022-03-31T15:02:55","modified_gmt":"2022-03-31T13:02:55","slug":"sample-page","status":"publish","type":"page","link":"http:\/\/mta-gelsen.at\/?page_id=2","title":{"rendered":"Das Projekt"},"content":{"rendered":"<p align=\"LEFT\">Nach einem langwierigen Bewilligungsverfahren, das mit der <strong>Naturvertr\u00e4glichkeitspr\u00fcfung<\/strong> abgeschlossen werden konnte, gr\u00fcndeten die Gemeinden Rabensburg, Hohenau an der March, Ringelsdorf-Niederabsdorf, Dr\u00f6sing, Jedenspeigen, D\u00fcrnkrut, Angern an der March, Marchegg und Engelhartstetten einen eigenen Verein, um den Blutsaugern gemeinsam Herr zu werden.<\/p>\n<p>Dem Projektteam unter der Leitung von B\u00fcrgermeister Robert Freitag und B\u00fcrgermeister Ing. Reinhard Kridlo ist es\u00a0nach mehrj\u00e4hriger Projektlaufzeit gelungen, auch die Bewilligung zur Bek\u00e4mpfung der Gelsen aus der Luft zu erwirken. Bisher einmalig in ganz \u00d6sterreich.<\/p>\n<p align=\"JUSTIFY\">Im Jahr 2011 wurde der Charakter der geplanten Ma\u00dfnahmenseitens vonseiten des Landes Nieder\u00f6sterreich als \u00f6sterreichweites \u201ePilotprojekt&#8220; anerkannt und finanzielle Unterst\u00fctzung zugesagt. Aus den in den March-Thaya-Auen gewonnenen <strong>Erfahrung<\/strong>en werden noch viele Regionen profitieren k\u00f6nnen.<\/p>\n<p align=\"JUSTIFY\">Trotzdem m\u00fcssen die betroffenen Gemeinden noch tief in die Tasche greifen. \u201eDie Erhaltung der <strong>Lebensqualit\u00e4t<\/strong> f\u00fcr unsere Bev\u00f6lkerung, auch in gelsenreichen Jahren, muss uns das aber wert sein!&#8220; waren sich die B\u00fcrgermeister der Gemeinden entlang der March-Thaya-Auen einig.<\/p>\n","protected":false},"excerpt":{"rendered":"<p>Nach einem langwierigen Bewilligungsverfahren, das mit der Naturvertr\u00e4glichkeitspr\u00fcfung abgeschlossen werden konnte, gr\u00fcndeten die Gemeinden Rabensburg, Hohenau an der March, Ringelsdorf-Niederabsdorf, Dr\u00f6sing, Jedenspeigen, D\u00fcrnkrut, Angern an der March, Marchegg und Engelhartstetten einen eigenen Verein, um den Blutsaugern gemeinsam Herr zu werden. &hellip; <a href=\"http:\/\/mta-gelsen.at\/?page_id=2\">Weiterlesen <span class=\"meta-nav\">&rarr;<\/span><\/a><\/p>\n","protected":false},"author":1,"featured_media":0,"parent":0,"menu_order":2,"comment_status":"closed","ping_status":"closed","template":"","meta":{"footnotes":""},"_links":{"self":[{"href":"http:\/\/mta-gelsen.at\/index.php?rest_route=\/wp\/v2\/pages\/2"}],"collection":[{"href":"http:\/\/mta-gelsen.at\/index.php?rest_route=\/wp\/v2\/pages"}],"about":[{"href":"http:\/\/mta-gelsen.at\/index.php?rest_route=\/wp\/v2\/types\/page"}],"author":[{"embeddable":true,"href":"http:\/\/mta-gelsen.at\/index.php?rest_route=\/wp\/v2\/users\/1"}],"replies":[{"embeddable":true,"href":"http:\/\/mta-gelsen.at\/index.php?rest_route=%2Fwp%2Fv2%2Fcomments&post=2"}],"version-history":[{"count":8,"href":"http:\/\/mta-gelsen.at\/index.php?rest_route=\/wp\/v2\/pages\/2\/revisions"}],"predecessor-version":[{"id":712,"href":"http:\/\/mta-gelsen.at\/index.php?rest_route=\/wp\/v2\/pages\/2\/revisions\/712"}],"wp:attachment":[{"href":"http:\/\/mta-gelsen.at\/index.php?rest_route=%2Fwp%2Fv2%2Fmedia&parent=2"}],"curies":[{"name":"wp","href":"https:\/\/api.w.org\/{rel}","templated":true}]}}