{"id":29,"date":"2012-07-10T11:22:42","date_gmt":"2012-07-10T11:22:42","guid":{"rendered":"http:\/\/mta-gelsen.at\/wordpress\/?page_id=29"},"modified":"2025-09-19T16:04:51","modified_gmt":"2025-09-19T14:04:51","slug":"vereinsvorstand","status":"publish","type":"page","link":"http:\/\/mta-gelsen.at\/?page_id=29","title":{"rendered":"Vereinsvorstand"},"content":{"rendered":"<ul>\n<li><strong>Obmann:<\/strong> B\u00fcrgermeister Wolfgang Gaida, Hohenau an der March<\/li>\n<li><strong>Obmann-Stellvertreter:<\/strong> B\u00fcrgermeister\u00a0Alfred Kridlo, Jedenspeigen<\/li>\n<li><strong>Schriftf\u00fchrer:<\/strong> B\u00fcrgermeister Peter Schaludek, Ringelsdorf-Niederabsdorf<\/li>\n<li><strong>Schriftf\u00fchrer-Stv.:<\/strong> B\u00fcrgermeister Andreas Pataki, Marchegg<\/li>\n<li><strong>Kassier:<\/strong> B\u00fcrgermeister Stefan Istvanek, D\u00fcrnkrut<\/li>\n<li><strong>Kassier-Stv.:<\/strong> B\u00fcrgermeister Dipl. Ing. Robert Weiser, Dr\u00f6sing<\/li>\n<li><strong>Beir\u00e4te:<\/strong> B\u00fcrgermeister Mag. Wolfram Erasim, Rabensburg, B\u00fcrgermeister Robert Mei\u00dfl, Angern an der March und B\u00fcrgermeister Andreas Zabadal, Engelhartstetten<\/li>\n<li><strong>Rechnungspr\u00fcfer:<\/strong> Vizeb\u00fcrgermeister Manfred Pfarr, Ringelsdorf-Niederabsdorf und Peter Schattovich, Angern an der March<\/li>\n<\/ul>\n","protected":false},"excerpt":{"rendered":"<p>Obmann: B\u00fcrgermeister Wolfgang Gaida, Hohenau an der March Obmann-Stellvertreter: B\u00fcrgermeister\u00a0Alfred Kridlo, Jedenspeigen Schriftf\u00fchrer: B\u00fcrgermeister Peter Schaludek, Ringelsdorf-Niederabsdorf Schriftf\u00fchrer-Stv.: B\u00fcrgermeister Andreas Pataki, Marchegg Kassier: B\u00fcrgermeister Stefan Istvanek, D\u00fcrnkrut Kassier-Stv.: B\u00fcrgermeister Dipl. Ing. Robert Weiser, Dr\u00f6sing Beir\u00e4te: B\u00fcrgermeister Mag. Wolfram Erasim, Rabensburg, &hellip; <a href=\"http:\/\/mta-gelsen.at\/?page_id=29\">Weiterlesen <span class=\"meta-nav\">&rarr;<\/span><\/a><\/p>\n","protected":false},"author":1,"featured_media":0,"parent":150,"menu_order":3,"comment_status":"closed","ping_status":"closed","template":"","meta":{"footnotes":""},"_links":{"self":[{"href":"http:\/\/mta-gelsen.at\/index.php?rest_route=\/wp\/v2\/pages\/29"}],"collection":[{"href":"http:\/\/mta-gelsen.at\/index.php?rest_route=\/wp\/v2\/pages"}],"about":[{"href":"http:\/\/mta-gelsen.at\/index.php?rest_route=\/wp\/v2\/types\/page"}],"author":[{"embeddable":true,"href":"http:\/\/mta-gelsen.at\/index.php?rest_route=\/wp\/v2\/users\/1"}],"replies":[{"embeddable":true,"href":"http:\/\/mta-gelsen.at\/index.php?rest_route=%2Fwp%2Fv2%2Fcomments&post=29"}],"version-history":[{"count":9,"href":"http:\/\/mta-gelsen.at\/index.php?rest_route=\/wp\/v2\/pages\/29\/revisions"}],"predecessor-version":[{"id":1229,"href":"http:\/\/mta-gelsen.at\/index.php?rest_route=\/wp\/v2\/pages\/29\/revisions\/1229"}],"up":[{"embeddable":true,"href":"http:\/\/mta-gelsen.at\/index.php?rest_route=\/wp\/v2\/pages\/150"}],"wp:attachment":[{"href":"http:\/\/mta-gelsen.at\/index.php?rest_route=%2Fwp%2Fv2%2Fmedia&parent=29"}],"curies":[{"name":"wp","href":"https:\/\/api.w.org\/{rel}","templated":true}]}}