{"id":35,"date":"2012-07-10T12:02:51","date_gmt":"2012-07-10T12:02:51","guid":{"rendered":"http:\/\/mta-gelsen.at\/wordpress\/?page_id=35"},"modified":"2022-03-31T15:10:47","modified_gmt":"2022-03-31T13:10:47","slug":"die-hausgelse","status":"publish","type":"page","link":"http:\/\/mta-gelsen.at\/?page_id=35","title":{"rendered":"Hausgelse"},"content":{"rendered":"<p align=\"JUSTIFY\"><a href=\"http:\/\/mta-gelsen.at\/?attachment_id=55\" rel=\"attachment wp-att-55\"><img loading=\"lazy\" decoding=\"async\" class=\"alignright size-medium wp-image-55\" src=\"http:\/\/mta-gelsen.at\/wp-content\/uploads\/2012\/07\/Hausgelsenbrutstaette-205x300.jpg\" alt=\"Brutst\u00e4tte der Hausgelse\" width=\"205\" height=\"300\" srcset=\"http:\/\/mta-gelsen.at\/wp-content\/uploads\/2012\/07\/Hausgelsenbrutstaette-205x300.jpg 205w, http:\/\/mta-gelsen.at\/wp-content\/uploads\/2012\/07\/Hausgelsenbrutstaette.jpg 218w\" sizes=\"(max-width: 205px) 100vw, 205px\" \/><\/a>Sie entwickeln sich im Bereich menschlicher Siedlungen. Als Brutplatz wird jede kleine Wasseransammlung genutzt, vor allem Regentonnen, alte Autoreifen und Sickersch\u00e4chte. Hausgelsen sind ausgesprochene D\u00e4mmerungs- und Nachttiere und wandern nur wenig, finden aber jedes kleine Loch im Fliegengitter und maltraktieren uns nachts!<\/p>\n<p align=\"JUSTIFY\">Neben anderen Merkmalen unterscheiden sich die Hausgelsen vor allem in ihrem Eiablageverhalten von anderen Arten. Sie kleben ihre Eigelege zu sogenannten \u201eEischiffchen\u201c direkt auf der Wasseroberfl\u00e4che zusammen. Sie sind damit unabh\u00e4ngig von \u00dcberschwemmungsereignissen. Ein weiterer Unterschied ist, dass die Hausgelse als begattete Weibchen in frostsicheren R\u00e4umen \u00fcberwintern. Die Vermeidung von geeigneten Brutgew\u00e4ssern und die Bek\u00e4mpfung der \u00dcberwinterer\u00a0 helfen diese Plagegeister in Schach zu halten.<\/p>\n<p>Nehmen Sie die Hausgelsen ernst!<\/p>\n<p>Die Weibchen \u00fcberwintern, schon begattet, in frostsicheren R\u00e4umen (z. B. Keller) und brauchen im Fr\u00fchjahr nur ein wenig Wasser. Schon sind ihre Nachkommen da und machen uns das Leben schwer. Nachfolgend ein paar Tips, um auch den Hausgelsen Herr zu werden:<\/p>\n<p><strong><em>\u00dcberwinterte Weibchen aufsp\u00fcren und vernichten!<\/em><\/strong><\/p>\n<p><em>Sie nutzen jeden feuchten und frostsicheren Ort im Siedlungsgebiet, \u00fcber den Winter zu kommen.<\/em><\/p>\n<p><em>Kontrollieren Sie vor allem Kellerr\u00e4ume, R\u00f6hren von Weinkellern und Sickersch\u00e4chte sehr genau; Versiegeln Sie auch L\u00fcftungssch\u00e4chte\u00a0 der Weinkeller mit Fliegengitter. Ein einziges \u201eerlegtes\u201c Gelsenweibchen erspart Ihnen und Ihren Nachbarn Millionen von Nachkommen.<\/em><\/p>\n<p><strong><em>Brutstellen vermeiden!<\/em><\/strong><\/p>\n<p><em>All jenen Weibchen, die es trotzdem schaffen, das Fr\u00fchjahr zu erleben, m\u00fcssen die Wasserstellen als potentielle Brutst\u00e4tten genommen werden: <\/em><\/p>\n<ul>\n<li><em>Decken Sie die Regentonne hermetisch, sorgf\u00e4ltig ab <\/em><\/li>\n<li><em>Vermeiden Sie herumstehende Gartenhelfer, wie Gie\u00dfkannen oder Eimer<\/em><\/li>\n<li><em>Auch in verbeulten Dachrinnen oder sorglos liegengelassenem M\u00fcll, wie z. B. alten Autoreifen, bilden sich Gelsenbrutst\u00e4tten.<\/em><\/li>\n<li><em>Setzen Sie ein paar Barsche, Wei\u00df- oder Goldfische ein, die die Gelsenlarven fressen.<\/em><\/li>\n<li><em>Gelsenlarven m\u00f6gen kein bewegtes Wasser. Muss die Wasserstelle also unbedingt sein, eine Pumpe hilft.<\/em><\/li>\n<li><em>Sollten Sie Larven in einer Wasserstelle entdecken, einfach entleeren.<\/em><\/li>\n<li>Auch N\u00fctzlinge in einem naturnah gestalteten Biotop (flach abfallende Uferzone mit Bepflanzung) reduzieren die Gelsenlarven-Anzahl.<\/li>\n<\/ul>\n<p><strong><em>Culinex-Tabletten<\/em><\/strong><\/p>\n<p><em>Diese h\u00e4lt Ihr Gemeindeamt kostenlos f\u00fcr Sie bereit.<\/em><\/p>\n<p><em>Eine Tablette reicht f\u00fcr ein Wassergef\u00e4\u00df bis 200 Liter. Es ist auch m\u00f6glich, die Tablette in Wasser zu l\u00f6sen und mit der Handspritze auszubringen. Die Suspension reicht f\u00fcr eine Teichfl\u00e4che von 10 m\u00b2 und t\u00f6tet Gelsenlarven in ihren Brutgew\u00e4ssern ab. Wirkungsdauer: mehrere Tage bis Wochen (je nach Witterungslage). F\u00fcr Menschen, Haustiere, Fische, n\u00fctzliche Insekten oder andere Organismen nicht sch\u00e4dlich, somit kann das Wasser auch zum Gie\u00dfen verwendet werden. Die Dosierung laut Packungsbeilage sollte eingehalten werden!<br \/>\n<\/em><\/p>\n<p><strong><em>Pflanzliche Vorbeugung<\/em><\/strong><\/p>\n<p><em>Sind sie einmal da, wird man sie so schnell nicht los. Von der chemischen Keule raten wir ab, es gibt aber ein paar Pflanzen, die Gelsen \u00fcberhaupt nicht leiden k\u00f6nnen: Katzenminze, Duftgeranien oder Lavendel um die Terasse k\u00f6nnen Wunder wirken.<\/em><\/p>\n<p align=\"JUSTIFY\">Durch Ihre Mitarbeit und aufgrund der guten Zusammenarbeit der Gemeinden und mit der Unterst\u00fctzung des Landes Nieder\u00f6sterreich k\u00f6nnen wir den blutsaugenden Plagegeistern rechtzeitig und nachhaltig auf den Leib r\u00fccken.<\/p>\n","protected":false},"excerpt":{"rendered":"<p>Sie entwickeln sich im Bereich menschlicher Siedlungen. Als Brutplatz wird jede kleine Wasseransammlung genutzt, vor allem Regentonnen, alte Autoreifen und Sickersch\u00e4chte. Hausgelsen sind ausgesprochene D\u00e4mmerungs- und Nachttiere und wandern nur wenig, finden aber jedes kleine Loch im Fliegengitter und maltraktieren &hellip; <a href=\"http:\/\/mta-gelsen.at\/?page_id=35\">Weiterlesen <span class=\"meta-nav\">&rarr;<\/span><\/a><\/p>\n","protected":false},"author":1,"featured_media":55,"parent":33,"menu_order":1,"comment_status":"closed","ping_status":"closed","template":"","meta":{"footnotes":""},"_links":{"self":[{"href":"http:\/\/mta-gelsen.at\/index.php?rest_route=\/wp\/v2\/pages\/35"}],"collection":[{"href":"http:\/\/mta-gelsen.at\/index.php?rest_route=\/wp\/v2\/pages"}],"about":[{"href":"http:\/\/mta-gelsen.at\/index.php?rest_route=\/wp\/v2\/types\/page"}],"author":[{"embeddable":true,"href":"http:\/\/mta-gelsen.at\/index.php?rest_route=\/wp\/v2\/users\/1"}],"replies":[{"embeddable":true,"href":"http:\/\/mta-gelsen.at\/index.php?rest_route=%2Fwp%2Fv2%2Fcomments&post=35"}],"version-history":[{"count":9,"href":"http:\/\/mta-gelsen.at\/index.php?rest_route=\/wp\/v2\/pages\/35\/revisions"}],"predecessor-version":[{"id":714,"href":"http:\/\/mta-gelsen.at\/index.php?rest_route=\/wp\/v2\/pages\/35\/revisions\/714"}],"up":[{"embeddable":true,"href":"http:\/\/mta-gelsen.at\/index.php?rest_route=\/wp\/v2\/pages\/33"}],"wp:featuredmedia":[{"embeddable":true,"href":"http:\/\/mta-gelsen.at\/index.php?rest_route=\/wp\/v2\/media\/55"}],"wp:attachment":[{"href":"http:\/\/mta-gelsen.at\/index.php?rest_route=%2Fwp%2Fv2%2Fmedia&parent=35"}],"curies":[{"name":"wp","href":"https:\/\/api.w.org\/{rel}","templated":true}]}}