{"id":354,"date":"2014-05-07T09:02:40","date_gmt":"2014-05-07T07:02:40","guid":{"rendered":"http:\/\/mta-gelsen.at\/?page_id=354"},"modified":"2022-09-23T13:27:34","modified_gmt":"2022-09-23T11:27:34","slug":"downloads","status":"publish","type":"page","link":"http:\/\/mta-gelsen.at\/?page_id=354","title":{"rendered":"Downloads"},"content":{"rendered":"<p>In den einzelnen Kategorien finden Sie fachbezogene Dokumente, die das Projekt beschreiben, aber auch hilfreiche Dateien, die Sie vielleicht bei Ihrer T\u00e4tigkeit in der Gelsenwehr unterst\u00fctzen. Nat\u00fcrlich stehen hier auch die Informationsschreiben an die Bev\u00f6lkerung in elektronischer Form zur Verf\u00fcgung. Weiters finden Sie hier ein fachrelevantes Glossar (W\u00f6rterliste), in welcher die wichtigste Begriffe erkl\u00e4rt werden.<\/p>\n","protected":false},"excerpt":{"rendered":"<p>In den einzelnen Kategorien finden Sie fachbezogene Dokumente, die das Projekt beschreiben, aber auch hilfreiche Dateien, die Sie vielleicht bei Ihrer T\u00e4tigkeit in der Gelsenwehr unterst\u00fctzen. Nat\u00fcrlich stehen hier auch die Informationsschreiben an die Bev\u00f6lkerung in elektronischer Form zur Verf\u00fcgung. &hellip; <a href=\"http:\/\/mta-gelsen.at\/?page_id=354\">Weiterlesen <span class=\"meta-nav\">&rarr;<\/span><\/a><\/p>\n","protected":false},"author":1,"featured_media":0,"parent":0,"menu_order":9,"comment_status":"closed","ping_status":"closed","template":"","meta":{"footnotes":""},"_links":{"self":[{"href":"http:\/\/mta-gelsen.at\/index.php?rest_route=\/wp\/v2\/pages\/354"}],"collection":[{"href":"http:\/\/mta-gelsen.at\/index.php?rest_route=\/wp\/v2\/pages"}],"about":[{"href":"http:\/\/mta-gelsen.at\/index.php?rest_route=\/wp\/v2\/types\/page"}],"author":[{"embeddable":true,"href":"http:\/\/mta-gelsen.at\/index.php?rest_route=\/wp\/v2\/users\/1"}],"replies":[{"embeddable":true,"href":"http:\/\/mta-gelsen.at\/index.php?rest_route=%2Fwp%2Fv2%2Fcomments&post=354"}],"version-history":[{"count":4,"href":"http:\/\/mta-gelsen.at\/index.php?rest_route=\/wp\/v2\/pages\/354\/revisions"}],"predecessor-version":[{"id":830,"href":"http:\/\/mta-gelsen.at\/index.php?rest_route=\/wp\/v2\/pages\/354\/revisions\/830"}],"wp:attachment":[{"href":"http:\/\/mta-gelsen.at\/index.php?rest_route=%2Fwp%2Fv2%2Fmedia&parent=354"}],"curies":[{"name":"wp","href":"https:\/\/api.w.org\/{rel}","templated":true}]}}