{"id":357,"date":"2014-05-07T09:06:45","date_gmt":"2014-05-07T07:06:45","guid":{"rendered":"http:\/\/mta-gelsen.at\/?page_id=357"},"modified":"2024-03-18T11:36:35","modified_gmt":"2024-03-18T10:36:35","slug":"fachwissen","status":"publish","type":"page","link":"http:\/\/mta-gelsen.at\/?page_id=357","title":{"rendered":"Fachwissen"},"content":{"rendered":"\n<p><strong>Pr\u00e4sentationen durch Biolog*innen und ein Glossar (W\u00f6rterliste mit Erkl\u00e4rung)<\/strong><\/p>\n\n\n\n<p><\/p>\n\n\n<p>Hier finden Sie ein Glossar mit den wichtigsten Begriffen:<\/p>\n<p><a href=\"http:\/\/mta-gelsen.at\/wp-content\/uploads\/2022\/09\/glossar-fuer-gelsenvereinshomepage.pdf\">glossar-fuer-gelsenvereinshomepage<\/a><\/p>\n<p>Bei der 14. Living Lakes Conference in\u00a0Nanchang, China, pr\u00e4sentierte unsere Fachkraft, Diplom Biologe Hans Jerrentrup, das Projekt. Hier die Pr\u00e4sentation zum Download:<\/p>\n<p><b><i><\/i><\/b><i><a href=\"http:\/\/mta-gelsen.at\/wp-content\/uploads\/2014\/12\/Presentation_14thLiving_Lakes_2014.pdf\">Presentation_14thLiving_Lakes_2014<\/a><\/i><\/p>\n<p>Ab Mitte August 2014 gab es ungew\u00f6hnlich viele Regenf\u00e4lle und so war es unvermeidbar, dass auch die Fl\u00fcsse stiegen.\u00a0Diplom Biologe Hans Jerrentrup hat\u00a0das Jahr 2014\u00a0wissenschaftlich zusammengefasst:<\/p>\n<p><a href=\"http:\/\/mta-gelsen.at\/wp-content\/uploads\/2014\/12\/Zusammenfassung_Gelsenjahr_2014.pdf\">Zusammenfassung_Gelsenjahr_2014<\/a><\/p>\n<p>2013 war das bisher schwierigste Gelsenjahr im Rahmen unseres Projekts. Diplom Biologe Hans Jerrentrup hat die Lage wissenschaftlich Zusammengefasst:<\/p>\n<p><a href=\"http:\/\/mta-gelsen.at\/wp-content\/uploads\/2014\/05\/Zusammenfassung_Gelsenjahr_2013.pdf\">Zusammenfassung_Gelsenjahr_2013<\/a><\/p>\n<p>Unser Verein ist Mitglied bei der &#8222;European Mosquito Control Association&#8220;. Bei einem Meeting in Speyer, Deutschland, hielt unser Hans einen Vortrag in englischer Sprache:<\/p>\n<p><a href=\"http:\/\/mta-gelsen.at\/wp-content\/uploads\/2014\/05\/EMCA_Presentation_2013.pdf\">EMCA_Presentation_2013<\/a><\/p>\n<p>Das Projekt, wie es sich im Jahr 2014 darstellt:<\/p>\n<p><a href=\"http:\/\/mta-gelsen.at\/wp-content\/uploads\/2014\/05\/Praesentation_Gelsenprojekt_2014.pdf\">Praesentation_Gelsenprojekt_2014<\/a><\/p>\n<p>Die Pr\u00e4sentation des Projekts aus Sicht unseres Experten Hans Jerrentrup im Jahr 2012:<\/p>\n<p><a href=\"http:\/\/mta-gelsen.at\/wp-content\/uploads\/2014\/05\/Praesentation_Gelsenprojekt_2012.pdf\">Praesentation_Gelsenprojekt_2012<\/a><\/p>\n\n\n<p><\/p>\n","protected":false},"excerpt":{"rendered":"<p>Pr\u00e4sentationen durch Biolog*innen und ein Glossar (W\u00f6rterliste mit Erkl\u00e4rung) Hier finden Sie ein Glossar mit den wichtigsten Begriffen: glossar-fuer-gelsenvereinshomepage Bei der 14. Living Lakes Conference in\u00a0Nanchang, China, pr\u00e4sentierte unsere Fachkraft, Diplom Biologe Hans Jerrentrup, das Projekt. Hier die Pr\u00e4sentation zum &hellip; <a href=\"http:\/\/mta-gelsen.at\/?page_id=357\">Weiterlesen <span class=\"meta-nav\">&rarr;<\/span><\/a><\/p>\n","protected":false},"author":1,"featured_media":0,"parent":354,"menu_order":1,"comment_status":"closed","ping_status":"closed","template":"","meta":{"footnotes":""},"_links":{"self":[{"href":"http:\/\/mta-gelsen.at\/index.php?rest_route=\/wp\/v2\/pages\/357"}],"collection":[{"href":"http:\/\/mta-gelsen.at\/index.php?rest_route=\/wp\/v2\/pages"}],"about":[{"href":"http:\/\/mta-gelsen.at\/index.php?rest_route=\/wp\/v2\/types\/page"}],"author":[{"embeddable":true,"href":"http:\/\/mta-gelsen.at\/index.php?rest_route=\/wp\/v2\/users\/1"}],"replies":[{"embeddable":true,"href":"http:\/\/mta-gelsen.at\/index.php?rest_route=%2Fwp%2Fv2%2Fcomments&post=357"}],"version-history":[{"count":8,"href":"http:\/\/mta-gelsen.at\/index.php?rest_route=\/wp\/v2\/pages\/357\/revisions"}],"predecessor-version":[{"id":840,"href":"http:\/\/mta-gelsen.at\/index.php?rest_route=\/wp\/v2\/pages\/357\/revisions\/840"}],"up":[{"embeddable":true,"href":"http:\/\/mta-gelsen.at\/index.php?rest_route=\/wp\/v2\/pages\/354"}],"wp:attachment":[{"href":"http:\/\/mta-gelsen.at\/index.php?rest_route=%2Fwp%2Fv2%2Fmedia&parent=357"}],"curies":[{"name":"wp","href":"https:\/\/api.w.org\/{rel}","templated":true}]}}