{"id":359,"date":"2014-05-07T09:18:33","date_gmt":"2014-05-07T07:18:33","guid":{"rendered":"http:\/\/mta-gelsen.at\/?page_id=359"},"modified":"2025-04-25T15:14:32","modified_gmt":"2025-04-25T13:14:32","slug":"bevoelkerungsinfo","status":"publish","type":"page","link":"http:\/\/mta-gelsen.at\/?page_id=359","title":{"rendered":"Bev\u00f6lkerungsinfo"},"content":{"rendered":"<p>B\u00fcrger*innen Information \u00fcber die \u00fcberwinternden Hausgelsen im Keller 2022:<\/p>\n<p><a href=\"https:\/\/marchtayaauen-my.sharepoint.com\/:b:\/g\/personal\/katharina_vesely_mta-gelsen_at\/EYKGwnqYXmpIos7mDGXyqRwBeG_Og4FeRr9AVvNpL2xIfQ?e=3c5fIT\">Bev\u00f6lkerungsinfo 2022 Kellergelsen<\/a><\/p>\n<p>B\u00fcrger*innen Information \u00fcber die Hausgelsen und deren Vorbeugung 2022:<\/p>\n<p><a href=\"http:\/\/mta-gelsen.at\/wp-content\/uploads\/2022\/04\/Hausgelseninfo-2022.pdf\">Hausgelseninfo 2022<\/a><\/p>\n<p>Die Aussendung von 2015 mit wertvollen Tipps zur Vermeidung von Hausgelsen:<\/p>\n<p><a href=\"http:\/\/mta-gelsen.at\/wp-content\/uploads\/2015\/08\/Hausgelseninfo_2015.pdf\">Hausgelseninf<\/a><a href=\"http:\/\/mta-gelsen.at\/wp-content\/uploads\/2015\/08\/Hausgelseninfo_2015.pdf\">o_2015<\/a><\/p>\n<p>Die Ausgabe vom Mai 2014 mit wichtigen Hinweisen, wie man den Kampf gegen die Hausgelsen aufnehmen sollte:<\/p>\n<p><a href=\"http:\/\/mta-gelsen.at\/wp-content\/uploads\/2014\/05\/Mai2014_Gelsenverein.pdf\">Mai2014_Gelsenverein<\/a><\/p>\n<p>Ein Hinweis an die Bev\u00f6lkerung, dass mehr Erfolg m\u00f6glich w\u00e4re, erfolgte im Mai 2013:<\/p>\n<p><a href=\"http:\/\/mta-gelsen.at\/wp-content\/uploads\/2014\/05\/Bevoelkerungsinfo_2013.pdf\">Bevoelkerungsinfo_2013<\/a><\/p>\n<p>Die erste Info, die an alle Haushalte zum Projekt ergangen ist. Damals noch vom Regionalverband March-Thaya-Auen als Projekttr\u00e4ger:<\/p>\n<p><a href=\"http:\/\/mta-gelsen.at\/wp-content\/uploads\/2014\/05\/Bevoelkerungsinfo_2011.pdf\">Bevoelkerungsinfo_2011<\/a><\/p>\n\n\n<p><\/p>\n","protected":false},"excerpt":{"rendered":"<p>B\u00fcrger*innen Information \u00fcber die \u00fcberwinternden Hausgelsen im Keller 2022: Bev\u00f6lkerungsinfo 2022 Kellergelsen B\u00fcrger*innen Information \u00fcber die Hausgelsen und deren Vorbeugung 2022: Hausgelseninfo 2022 Die Aussendung von 2015 mit wertvollen Tipps zur Vermeidung von Hausgelsen: Hausgelseninfo_2015 Die Ausgabe vom Mai 2014 &hellip; <a href=\"http:\/\/mta-gelsen.at\/?page_id=359\">Weiterlesen <span class=\"meta-nav\">&rarr;<\/span><\/a><\/p>\n","protected":false},"author":1,"featured_media":0,"parent":354,"menu_order":2,"comment_status":"closed","ping_status":"closed","template":"","meta":{"footnotes":""},"_links":{"self":[{"href":"http:\/\/mta-gelsen.at\/index.php?rest_route=\/wp\/v2\/pages\/359"}],"collection":[{"href":"http:\/\/mta-gelsen.at\/index.php?rest_route=\/wp\/v2\/pages"}],"about":[{"href":"http:\/\/mta-gelsen.at\/index.php?rest_route=\/wp\/v2\/types\/page"}],"author":[{"embeddable":true,"href":"http:\/\/mta-gelsen.at\/index.php?rest_route=\/wp\/v2\/users\/1"}],"replies":[{"embeddable":true,"href":"http:\/\/mta-gelsen.at\/index.php?rest_route=%2Fwp%2Fv2%2Fcomments&post=359"}],"version-history":[{"count":11,"href":"http:\/\/mta-gelsen.at\/index.php?rest_route=\/wp\/v2\/pages\/359\/revisions"}],"predecessor-version":[{"id":1112,"href":"http:\/\/mta-gelsen.at\/index.php?rest_route=\/wp\/v2\/pages\/359\/revisions\/1112"}],"up":[{"embeddable":true,"href":"http:\/\/mta-gelsen.at\/index.php?rest_route=\/wp\/v2\/pages\/354"}],"wp:attachment":[{"href":"http:\/\/mta-gelsen.at\/index.php?rest_route=%2Fwp%2Fv2%2Fmedia&parent=359"}],"curies":[{"name":"wp","href":"https:\/\/api.w.org\/{rel}","templated":true}]}}