{"id":361,"date":"2014-05-07T09:19:46","date_gmt":"2014-05-07T07:19:46","guid":{"rendered":"http:\/\/mta-gelsen.at\/?page_id=361"},"modified":"2022-09-30T10:31:05","modified_gmt":"2022-09-30T08:31:05","slug":"gelsenwehr","status":"publish","type":"page","link":"http:\/\/mta-gelsen.at\/?page_id=361","title":{"rendered":"Gelsenwehr"},"content":{"rendered":"<p>Im Rahmen der Gelsenregulierung in den March-Thaya-Auen ist der Gelsenverein auf die Mithilfe motivierter, einsatzfreudiger Freiwilliger angewiesen. Hier finden Sie den genauen Aufruf:<\/p>\n<p><a href=\"http:\/\/mta-gelsen.at\/wp-content\/uploads\/2014\/05\/Aufruf_Gelsenwehr_2014.pdf\">Aufruf_Gelsenwehr_2014<\/a><\/p>\n<p>Dieses digitale Dokument hilft unseren freiwilligen Helferinnen und Helfern im Umgang mit Ger\u00e4t und Wirkstoff. Ein sehr n\u00fctzliches Handbuch: <a href=\"http:\/\/mta-gelsen.at\/wp-content\/uploads\/2022\/03\/Theoretische-und-praktische-Anleitung-Schulungsunterlagen-2022.pdf\">Theoretische und praktische Anleitung Schulungsunterlagen 2022<\/a><\/p>\n\n\n<p><strong>Wochenprotokolle<\/strong><\/p>\n\n\n\n<p>Die w\u00f6chentlich erstellten Monitoring-Protokolle (&#8222;Wochenprotokolle&#8220;) sind ab Anfang April, abh\u00e4ngig vom Wetter eventuell auch schon fr\u00fcher und bis zur 40. Kalenderwoche (im Jahr 2022 ist das der 03. &#8211; 09.10.2022) fortzuf\u00fchren. Falls das Wetter dann noch feucht\/nass genug und zus\u00e4tzlich mild ist, ist es jedoch sinnvoll, auch weiterhin mit den Wochenprotokollen fortzufahren. Bei Notwendigkeit vor der 16. KW und nach der 40. KW werden die Gemeinden informiert.<\/p>\n\n\n","protected":false},"excerpt":{"rendered":"<p>Im Rahmen der Gelsenregulierung in den March-Thaya-Auen ist der Gelsenverein auf die Mithilfe motivierter, einsatzfreudiger Freiwilliger angewiesen. Hier finden Sie den genauen Aufruf: Aufruf_Gelsenwehr_2014 Dieses digitale Dokument hilft unseren freiwilligen Helferinnen und Helfern im Umgang mit Ger\u00e4t und Wirkstoff. Ein &hellip; <a href=\"http:\/\/mta-gelsen.at\/?page_id=361\">Weiterlesen <span class=\"meta-nav\">&rarr;<\/span><\/a><\/p>\n","protected":false},"author":1,"featured_media":0,"parent":354,"menu_order":3,"comment_status":"closed","ping_status":"closed","template":"","meta":{"footnotes":""},"_links":{"self":[{"href":"http:\/\/mta-gelsen.at\/index.php?rest_route=\/wp\/v2\/pages\/361"}],"collection":[{"href":"http:\/\/mta-gelsen.at\/index.php?rest_route=\/wp\/v2\/pages"}],"about":[{"href":"http:\/\/mta-gelsen.at\/index.php?rest_route=\/wp\/v2\/types\/page"}],"author":[{"embeddable":true,"href":"http:\/\/mta-gelsen.at\/index.php?rest_route=\/wp\/v2\/users\/1"}],"replies":[{"embeddable":true,"href":"http:\/\/mta-gelsen.at\/index.php?rest_route=%2Fwp%2Fv2%2Fcomments&post=361"}],"version-history":[{"count":5,"href":"http:\/\/mta-gelsen.at\/index.php?rest_route=\/wp\/v2\/pages\/361\/revisions"}],"predecessor-version":[{"id":854,"href":"http:\/\/mta-gelsen.at\/index.php?rest_route=\/wp\/v2\/pages\/361\/revisions\/854"}],"up":[{"embeddable":true,"href":"http:\/\/mta-gelsen.at\/index.php?rest_route=\/wp\/v2\/pages\/354"}],"wp:attachment":[{"href":"http:\/\/mta-gelsen.at\/index.php?rest_route=%2Fwp%2Fv2%2Fmedia&parent=361"}],"curies":[{"name":"wp","href":"https:\/\/api.w.org\/{rel}","templated":true}]}}