{"id":38,"date":"2012-07-10T12:04:57","date_gmt":"2012-07-10T12:04:57","guid":{"rendered":"http:\/\/mta-gelsen.at\/wordpress\/?page_id=38"},"modified":"2022-03-31T15:14:04","modified_gmt":"2022-03-31T13:14:04","slug":"die-uberschwemmungsgelse","status":"publish","type":"page","link":"http:\/\/mta-gelsen.at\/?page_id=38","title":{"rendered":"\u00dcberschwemmungsgelse"},"content":{"rendered":"<p align=\"JUSTIFY\">Sie haben ihre Brutst\u00e4tten in tempor\u00e4ren Gew\u00e4ssern von Fl\u00fcssen und Seen. Die Weibchen legen ihre Eier ca. f\u00fcnf Tage nach einer Blutmahlzeit in den feuchten Boden ab und k\u00f6nnen dort bis zu 7 &#8211; 8 Jahren \u00fcberdauern.\u00a0 Wird die Stelle \u00fcberflutet, schl\u00fcpfen die Larven ab einer Wassertemperatur von 8 bis 13 \u00b0C. Selbst nach vielen hochwasserlosen Jahren kann es deshalb nach \u00dcberflutungen zu einer Massenvermehrung kommen. Zudem schl\u00fcpfen sie aufgrund ihrer unterschiedlichen Lagerungsdauer auf Raten, also schl\u00fcpfen nach einer \u00dcberflutung niemals alle Eier einer Brutst\u00e4tte gleichzeitig. Selbst nach einer erfolgreich durchgef\u00fchrten Bek\u00e4mpfung schl\u00fcpfen beim n\u00e4chsten Hochwasser an derselben Stelle erneut Larven, ohne dass zuvor neue Eier abgelegt wurden. \u00dcberschwemmungsgelsen wandern bis zu 15 km und erreichen so die menschlichen Siedlungen nach einigen Tagen. Sie stechen schnell und sehr aggressiv und treten verst\u00e4rkt in der D\u00e4mmerung auf.<\/p>\n<p align=\"JUSTIFY\">\u00a0<\/p>\n\n\n<figure class=\"wp-block-image\"><img loading=\"lazy\" decoding=\"async\" width=\"1024\" height=\"576\" src=\"http:\/\/mta-gelsen.at\/wp-content\/uploads\/2022\/03\/20210811_065202-flooded-floodplain-as-seen-from-heli-1024x576.jpg\" alt=\"\" class=\"wp-image-716\" srcset=\"http:\/\/mta-gelsen.at\/wp-content\/uploads\/2022\/03\/20210811_065202-flooded-floodplain-as-seen-from-heli-1024x576.jpg 1024w, http:\/\/mta-gelsen.at\/wp-content\/uploads\/2022\/03\/20210811_065202-flooded-floodplain-as-seen-from-heli-300x169.jpg 300w, http:\/\/mta-gelsen.at\/wp-content\/uploads\/2022\/03\/20210811_065202-flooded-floodplain-as-seen-from-heli-768x432.jpg 768w\" sizes=\"(max-width: 1024px) 100vw, 1024px\" \/><figcaption>Tempor\u00e4re Gew\u00e4sser als potentielle Brutst\u00e4tte von Augelsen<\/figcaption><\/figure>\n","protected":false},"excerpt":{"rendered":"<p>Sie haben ihre Brutst\u00e4tten in tempor\u00e4ren Gew\u00e4ssern von Fl\u00fcssen und Seen. Die Weibchen legen ihre Eier ca. f\u00fcnf Tage nach einer Blutmahlzeit in den feuchten Boden ab und k\u00f6nnen dort bis zu 7 &#8211; 8 Jahren \u00fcberdauern.\u00a0 Wird die Stelle &hellip; <a href=\"http:\/\/mta-gelsen.at\/?page_id=38\">Weiterlesen <span class=\"meta-nav\">&rarr;<\/span><\/a><\/p>\n","protected":false},"author":1,"featured_media":0,"parent":33,"menu_order":2,"comment_status":"closed","ping_status":"closed","template":"","meta":{"footnotes":""},"_links":{"self":[{"href":"http:\/\/mta-gelsen.at\/index.php?rest_route=\/wp\/v2\/pages\/38"}],"collection":[{"href":"http:\/\/mta-gelsen.at\/index.php?rest_route=\/wp\/v2\/pages"}],"about":[{"href":"http:\/\/mta-gelsen.at\/index.php?rest_route=\/wp\/v2\/types\/page"}],"author":[{"embeddable":true,"href":"http:\/\/mta-gelsen.at\/index.php?rest_route=\/wp\/v2\/users\/1"}],"replies":[{"embeddable":true,"href":"http:\/\/mta-gelsen.at\/index.php?rest_route=%2Fwp%2Fv2%2Fcomments&post=38"}],"version-history":[{"count":6,"href":"http:\/\/mta-gelsen.at\/index.php?rest_route=\/wp\/v2\/pages\/38\/revisions"}],"predecessor-version":[{"id":717,"href":"http:\/\/mta-gelsen.at\/index.php?rest_route=\/wp\/v2\/pages\/38\/revisions\/717"}],"up":[{"embeddable":true,"href":"http:\/\/mta-gelsen.at\/index.php?rest_route=\/wp\/v2\/pages\/33"}],"wp:attachment":[{"href":"http:\/\/mta-gelsen.at\/index.php?rest_route=%2Fwp%2Fv2%2Fmedia&parent=38"}],"curies":[{"name":"wp","href":"https:\/\/api.w.org\/{rel}","templated":true}]}}