{"id":45,"date":"2012-07-10T12:13:28","date_gmt":"2012-07-10T12:13:28","guid":{"rendered":"http:\/\/mta-gelsen.at\/wordpress\/?page_id=45"},"modified":"2022-03-31T15:00:14","modified_gmt":"2022-03-31T13:00:14","slug":"impressum","status":"publish","type":"page","link":"http:\/\/mta-gelsen.at\/?page_id=45","title":{"rendered":"Impressum"},"content":{"rendered":"<p style=\"text-align: left;\" align=\"RIGHT\">Medieninhaber und Herausgeber:<\/p>\n<p style=\"text-align: left;\" align=\"RIGHT\"><strong>Verein zur biologischen Gelsenregulierung entlang Thaya und March<\/strong><\/p>\n<p style=\"text-align: left;\" align=\"RIGHT\">2273 Hohenau an der March, Rathausplatz 1<\/p>\n<p style=\"text-align: left;\" align=\"RIGHT\">Vertreten durch den Obmann B\u00fcrgermeister Wolfgang Gaida, Telefon +43 2535 2307 17, Fax 02535\/2307-18, <a href=\"mailto:gaida@hohenau.at\">gaida@hohenau.at<\/a><\/p>\n<p>Die\u00a0hier wiedergegebenen Inhalte dienen zur Information der B\u00fcrgerinnen und B\u00fcrger \u00fcber das Projekt der biologischen Gelsenregulierung entlang Thaya und March. F\u00fcr enthaltene Fehler, die trotz eingehender Recherche und Aufarbeitung entstanden sind, kann keine wie immer geartete Haftung \u00fcbernommen werden. Weiters erkl\u00e4rt sich der Verein\u00a0<strong>\u201eBiologische Gelsenregulierung entlang Thaya und March\u201c<\/strong> als nicht verantwortlich f\u00fcr den Inhalt von extern liegenden Internetseiten, auf die mit einem Link verwiesen wird.<\/p>\n<p>Jede Nutzung bzw. Weiterverwendung von Inhalten (dies gilt insbesondere f\u00fcr Texte, Bilder, Grafiken und Programmcode) au\u00dferhalb\u00a0dieser Webpr\u00e4senz und die Portierung auf andere Medien bedarf ausnahmslos der schriftlichen Genehmigung des Medieninhabers.<\/p>\n","protected":false},"excerpt":{"rendered":"<p>Medieninhaber und Herausgeber: Verein zur biologischen Gelsenregulierung entlang Thaya und March 2273 Hohenau an der March, Rathausplatz 1 Vertreten durch den Obmann B\u00fcrgermeister Wolfgang Gaida, Telefon +43 2535 2307 17, Fax 02535\/2307-18, gaida@hohenau.at Die\u00a0hier wiedergegebenen Inhalte dienen zur Information der &hellip; <a href=\"http:\/\/mta-gelsen.at\/?page_id=45\">Weiterlesen <span class=\"meta-nav\">&rarr;<\/span><\/a><\/p>\n","protected":false},"author":1,"featured_media":0,"parent":0,"menu_order":13,"comment_status":"closed","ping_status":"closed","template":"","meta":{"footnotes":""},"_links":{"self":[{"href":"http:\/\/mta-gelsen.at\/index.php?rest_route=\/wp\/v2\/pages\/45"}],"collection":[{"href":"http:\/\/mta-gelsen.at\/index.php?rest_route=\/wp\/v2\/pages"}],"about":[{"href":"http:\/\/mta-gelsen.at\/index.php?rest_route=\/wp\/v2\/types\/page"}],"author":[{"embeddable":true,"href":"http:\/\/mta-gelsen.at\/index.php?rest_route=\/wp\/v2\/users\/1"}],"replies":[{"embeddable":true,"href":"http:\/\/mta-gelsen.at\/index.php?rest_route=%2Fwp%2Fv2%2Fcomments&post=45"}],"version-history":[{"count":8,"href":"http:\/\/mta-gelsen.at\/index.php?rest_route=\/wp\/v2\/pages\/45\/revisions"}],"predecessor-version":[{"id":711,"href":"http:\/\/mta-gelsen.at\/index.php?rest_route=\/wp\/v2\/pages\/45\/revisions\/711"}],"wp:attachment":[{"href":"http:\/\/mta-gelsen.at\/index.php?rest_route=%2Fwp%2Fv2%2Fmedia&parent=45"}],"curies":[{"name":"wp","href":"https:\/\/api.w.org\/{rel}","templated":true}]}}