{"id":674,"date":"2022-03-31T11:41:48","date_gmt":"2022-03-31T09:41:48","guid":{"rendered":"http:\/\/mta-gelsen.at\/?page_id=674"},"modified":"2025-04-25T10:30:00","modified_gmt":"2025-04-25T08:30:00","slug":"links","status":"publish","type":"page","link":"http:\/\/mta-gelsen.at\/?page_id=674","title":{"rendered":"Links"},"content":{"rendered":"\n<ul>\n<li><a href=\"https:\/\/mosquito-bioregulation.eu\/de\/uber\/\">https:\/\/mosquito-bioregulation.eu\/de\/uber\/<\/a><\/li>\n\n\n\n<li><a href=\"https:\/\/www.sk-at.eu\/sk\/\">https:\/\/www.sk-at.eu\/sk\/<\/a><\/li>\n\n\n\n<li><a href=\"http:\/\/www.gelsenjaeger-duernkrut.at\/\">http:\/\/www.gelsenjaeger-duernkrut.at\/<\/a><\/li>\n\n\n\n<li><a href=\"https:\/\/www.ages.at\/mensch\/krankheit\/infos-zu-gelsen-krankheiten\">https:\/\/www.ages.at\/mensch\/krankheit\/infos-zu-gelsen-krankheiten<\/a><\/li>\n\n\n\n<li><a href=\"https:\/\/www.emca-online.eu\" data-type=\"link\" data-id=\"https:\/\/www.emca-online.eu\">https:\/\/www.emca-online.eu<\/a><\/li>\n\n\n\n<li><a href=\"https:\/\/www.marchthayaauen.at\/\">https:\/\/www.marchthayaauen.at\/<\/a><\/li>\n\n\n\n<li><a href=\"https:\/\/klar-anpassungsregionen.at\/regionen\/klar-march-thaya-auen\">https:\/\/klar-anpassungsregionen.at\/regionen\/klar-march-thaya-auen<\/a><\/li>\n\n\n\n<li><a href=\"https:\/\/nmshohenau.ac.at\/?p=10661\">https:\/\/nmshohenau.ac.at\/?p=10661<\/a><\/li>\n\n\n\n<li><a href=\"https:\/\/www.kabsev.de\/\">https:\/\/www.kabsev.de\/<\/a><\/li>\n<\/ul>\n\n\n\n<p>Unser <strong>Interreg-Projekt Mosquito Bioregulation<\/strong> mit unseren slowakischen Partnern: <a href=\"https:\/\/mosquito-bioregulation.eu\/de\/uber\/\ufeff\">https:\/\/mosquito-bioregulation.eu\/de\/uber\/<\/a> und <a href=\"https:\/\/www.sk-at.eu\/sk\/\">https:\/\/www.sk-at.eu\/sk\/<\/a><\/p>\n\n\n\n<p>Die sehr aktive <strong>Gelsenwehr in D\u00fcrnkrut <\/strong>hat zus\u00e4tzlich eine eigene Homepage: <a href=\"http:\/\/www.gelsenjaeger-duernkrut.at\/\">http:\/\/www.gelsenjaeger-duernkrut.at\/<\/a><\/p>\n\n\n\n<p>Die <strong>AGES<\/strong> (\u00d6sterreichische Gesundeitsagentur; Dr. Karin Bakran-Lebl) und die <strong>Vetmed Uni Wien<\/strong> (Veterin\u00e4rmedizinische Universit\u00e4t Wien;  Prof. Dr. Hans-Peter F\u00fchrer ) informieren immer wieder <strong>wissenschaftlich seri\u00f6s<\/strong> \u00fcber die Situation von potentiell invasiven, nicht-nativen (also nicht einheimischen) Stechm\u00fcckenarten in \u00d6sterreich und die M\u00f6glichkeit auf diesem Weg Krankheiten zu verbreiten (sog. vector borne diseases, also Krankheiten die Stechm\u00fccken als Vektoren, also quasi &#8222;Taxi&#8220; verwenden): <a href=\"https:\/\/www.ages.at\/mensch\/krankheit\/infos-zu-gelsen-krankheiten\">https:\/\/www.ages.at\/mensch\/krankheit\/infos-zu-gelsen-krankheiten<\/a>,  <br \/><a href=\"https:\/\/www.graz.at\/cms\/beitrag\/10410236\/7746961\/Tigermuecken_in_Graz.html\">Asiatische Tigerm\u00fccke hat sich in Graz etabliert &#8211; UNInteressant?<\/a>  (2025), <\/p>\n\n\n\n<p>In der Oberrheinebene bek\u00e4mpft die &#8222;Kommunale Aktionsgemeinschaft zur Bek\u00e4mpfung der Schnakenplage&#8220; (kurz: KABS) seit \u00fcber 4 Jahrzehnten Stechm\u00fccken (auch Schnaken genannt). Auch dort tritt die Tigerm\u00fccke immer wieder auf und beim Kampf gegen diese Art hat sich ein &#8222;kleiner Helfer&#8220; als extrem Wirksam erwiesen, erfahren Sie mehr \u00fcber Ruderfu\u00dfkebse als alternative Bek\u00e4mpfungsmethode unter folgenden link: <a href=\"https:\/\/www.kabsev.de\/alternative-bekaempfungsmethoden-copepoda\/\">https:\/\/www.kabsev.de\/alternative-bekaempfungsmethoden-copepoda\/<\/a><\/p>\n\n\n\n<p><\/p>\n\n\n\n<p><a href=\"https:\/\/www.austrianbiologist.at\/aba\/magazin\/blog\/2020\/11\/18\/die-gelsen-oesterreichs-altbekannte-und-neue-plagegeister\/\">https:\/\/www.austrianbiologist.at\/aba\/magazin\/blog\/2020\/11\/18\/die-gelsen-oesterreichs-altbekannte-und-neue-plagegeister\/<\/a> (umfangreiche Literaturliste) und <a href=\"https:\/\/www.vetmeduni.ac.at\/universitaet\/infoservice\/presseinformationen\/presseinformationen-2020\/gefaehrliche-neue-stechmuecken-werden-in-tirol-heimisch\">https:\/\/www.vetmeduni.ac.at\/universitaet\/infoservice\/presseinformationen\/presseinformationen-2020\/gefaehrliche-neue-stechmuecken-werden-in-tirol-heimisch<\/a><\/p>\n\n\n\n<p><\/p>\n\n\n\n<p>Die <strong>EMCA<\/strong> als Dachorganisation organisiert Workshops, Schulungen, Meetings (Treffen) usw. f\u00fcr Personen, die in der Regulierung und\/oder Forschung von Stechm\u00fccken t\u00e4tig sind: <a href=\"https:\/\/www.emca-online.eu\" data-type=\"link\" data-id=\"https:\/\/www.emca-online.eu\">https:\/\/www.emca-online.eu<\/a><\/p>\n\n\n\n<p><\/p>\n\n\n\n<p>Wir sind in den <strong>March-Thaya-Auen<\/strong> beheimatet: <a href=\"https:\/\/www.marchthayaauen.at\/\">https:\/\/www.marchthayaauen.at<\/a><\/p>\n\n\n\n<p><\/p>\n\n\n\n<p>Im Zuge von Kooperationen mit <strong>KLAR!<\/strong> gab es auch Projekte mit <strong>Schulen<\/strong> (NMS Hohenau\/March und VS Jedenspeigen): <a href=\"https:\/\/nmshohenau.ac.at\/?p=10661\">https:\/\/nmshohenau.ac.at\/?p=10661<\/a> Bei Interesse bitte gerne bei uns melden!<br \/><\/p>\n","protected":false},"excerpt":{"rendered":"<p>Unser Interreg-Projekt Mosquito Bioregulation mit unseren slowakischen Partnern: https:\/\/mosquito-bioregulation.eu\/de\/uber\/ und https:\/\/www.sk-at.eu\/sk\/ Die sehr aktive Gelsenwehr in D\u00fcrnkrut hat zus\u00e4tzlich eine eigene Homepage: http:\/\/www.gelsenjaeger-duernkrut.at\/ Die AGES (\u00d6sterreichische Gesundeitsagentur; Dr. Karin Bakran-Lebl) und die Vetmed Uni Wien (Veterin\u00e4rmedizinische Universit\u00e4t Wien; Prof. Dr. &hellip; <a href=\"http:\/\/mta-gelsen.at\/?page_id=674\">Weiterlesen <span class=\"meta-nav\">&rarr;<\/span><\/a><\/p>\n","protected":false},"author":4,"featured_media":0,"parent":0,"menu_order":0,"comment_status":"closed","ping_status":"closed","template":"","meta":{"footnotes":""},"_links":{"self":[{"href":"http:\/\/mta-gelsen.at\/index.php?rest_route=\/wp\/v2\/pages\/674"}],"collection":[{"href":"http:\/\/mta-gelsen.at\/index.php?rest_route=\/wp\/v2\/pages"}],"about":[{"href":"http:\/\/mta-gelsen.at\/index.php?rest_route=\/wp\/v2\/types\/page"}],"author":[{"embeddable":true,"href":"http:\/\/mta-gelsen.at\/index.php?rest_route=\/wp\/v2\/users\/4"}],"replies":[{"embeddable":true,"href":"http:\/\/mta-gelsen.at\/index.php?rest_route=%2Fwp%2Fv2%2Fcomments&post=674"}],"version-history":[{"count":21,"href":"http:\/\/mta-gelsen.at\/index.php?rest_route=\/wp\/v2\/pages\/674\/revisions"}],"predecessor-version":[{"id":1104,"href":"http:\/\/mta-gelsen.at\/index.php?rest_route=\/wp\/v2\/pages\/674\/revisions\/1104"}],"wp:attachment":[{"href":"http:\/\/mta-gelsen.at\/index.php?rest_route=%2Fwp%2Fv2%2Fmedia&parent=674"}],"curies":[{"name":"wp","href":"https:\/\/api.w.org\/{rel}","templated":true}]}}