{"id":78,"date":"2012-07-13T12:23:32","date_gmt":"2012-07-13T10:23:32","guid":{"rendered":"http:\/\/mta-gelsen.at\/wordpress\/?page_id=78"},"modified":"2025-09-01T13:56:21","modified_gmt":"2025-09-01T11:56:21","slug":"monitoring","status":"publish","type":"page","link":"http:\/\/mta-gelsen.at\/?page_id=78","title":{"rendered":"Monitoring"},"content":{"rendered":"<div id=\"attachment_79\" style=\"width: 210px\" class=\"wp-caption alignright\"><a href=\"http:\/\/mta-gelsen.at\/?attachment_id=79\" rel=\"attachment wp-att-79\"><img loading=\"lazy\" decoding=\"async\" aria-describedby=\"caption-attachment-79\" class=\"size-medium wp-image-79\" src=\"http:\/\/mta-gelsen.at\/wp-content\/uploads\/2012\/07\/CO2Falle-200x300.jpg\" alt=\"CO2 Falle\" width=\"200\" height=\"300\" srcset=\"http:\/\/mta-gelsen.at\/wp-content\/uploads\/2012\/07\/CO2Falle-200x300.jpg 200w, http:\/\/mta-gelsen.at\/wp-content\/uploads\/2012\/07\/CO2Falle.jpg 685w\" sizes=\"(max-width: 200px) 100vw, 200px\" \/><\/a><p id=\"caption-attachment-79\" class=\"wp-caption-text\">CO2 Falle<\/p><\/div>\n<p>Greift jemand durch irgendwelche Ma\u00dfnahmen in die Natur ein, ist es heutzutage Vorschrift ausf\u00fchrlich zu untersuchen welche Auswirkungen diese Ma\u00dfnahme auf den Naturhaushalt oder die Umwelt allgemein hat. So unterliegt auch unsere Gelsenregulierung strengen Umweltauflagen und der Pflicht des Monitorings. In diesem Zusammenhang werden in drei verschieden Umweltbereichen Kontrollen durchgef\u00fchrt:<\/p>\n<ul>\n<li>Monitoring der Vogelwelt, d.h. bei der direkten Ausbringung von BTI besonders im Au-Wald (zu Fu\u00df durch Gelsenwehren oder Hubschrauber) werden die bestehenden belegten Horste (Nester) von seltenen und bedrohten Gro\u00dfvogelarten wie Adler, Milane, St\u00f6rche und Reiher ausgespart um w\u00e4hrend der Eins\u00e4tze St\u00f6rungen zu vermieden. Unsere Untersuchungen haben ergeben, dass nur ein sehr kleiner Anteil (3 &#8211; 10 %) dieser Gro\u00dfvogel-Horste tats\u00e4chlich von Hochw\u00e4ssern umsp\u00fclt werden und daher nur sehr wenige von der Gelsenregulierung ausgespart werden m\u00fcssen.Um eventuelle Auswirkungen auf Kleinv\u00f6gel durch den Verlust der Gelsen als Nahrungsquelle (wegen der Regulierung) zu untersuchen f\u00fchrte der Verein Auring Voruntersuchungen und Beringungen durch \u2013 die Ergebnisse der Vorstudie konnten keine negativen Auswirkungen nachweisen; eine ausf\u00fchrlichere Studie zum Thema konnte auf Grund der Komplexit\u00e4t nicht im Gel\u00e4nde durchgef\u00fchrt werden.<\/li>\n<li>Weiterhin wurden von einem unabh\u00e4ngigen Umweltlabor aus Wien Untersuchungen in den Gew\u00e4ssern der Aue durchgef\u00fchrt um festzustellen, ob unsere Regulierungsma\u00dfnahmen im Wasser oder bei den dort sonst noch lebenden Organismen Sch\u00e4den hervorrufen. Diese 6j\u00e4hrigen Untersuchungen waren Ende 2016 abgeschlossen und die Gesamtauswertung hat das erfreuliche (wenn auch erwartete) Ergebnis gebracht, dass die Gelsenregulierung keine nachweisliche Sch\u00e4digung der sogenannten Begleitorganismen im Wasser verursacht, weder auf die Kleinkrebse noch die Zuckm\u00fccken oder gar die Wasserqualit\u00e4t. (Hierzu auch eine wissenschaftliche Pr\u00e4sentation im Kapitel \u201eDownloads \u2013 Fachwissen.)<\/li>\n<li>Selbst \u00fcbernommen hat der Verein die Kontrolle (Monitoring) der fliegenden Gelsen. Dazu verwenden wir moderne Gelsenfallen, die eine Zucker-Hefe-Mischung als CO\u00b2 Quelle haben, um die ausgeflogenen Gelsen anzulocken und durch einen kleinen Ventilator in ein dar\u00fcber h\u00e4ngendes Fangs\u00e4ckchen einzusaugen. Diese Fallen werden in regelm\u00e4\u00dfigen zeitlichen Abst\u00e4nden jeweils f\u00fcr eine Nacht in allen Ortschaften, am Ortsrand und in der Aue aufgeh\u00e4ngt. Durch das zahlenm\u00e4\u00dfige Auswerten der Funde, aber auch die genaue Feststellung der gefangenen Gelsen-Arten \u2013 bei uns gibt es mehr als 40 verschiedene Gelsenarten \u2013 k\u00f6nnen wir wichtige R\u00fcckschl\u00fcsse auf den Erfolg (oder Misserfolg) der Regulierungsma\u00dfnahmen schlie\u00dfen; auch woher die Gelsen kommen, welche Wanderrichtung und Geschwindigkeit sie haben und viele andere wichtige Ergebnisse k\u00f6nnen aus den Fallenf\u00e4ngen abgeleitet werden. In Zusammenarbeit mit der AGES (Agentur f\u00fcr Gesundheit und Ern\u00e4hrungssicherheit, \u00d6sterreich) stellen wir auch Ovitraps (Eifallen) auf, um so nicht-einheimischen, eventuell invasiven Arten nachsp\u00fcren zu k\u00f6nnen.\n<div id=\"mh_tsuid29\" class=\"a1vOw BY2RHc fPcAld i49rzb\">\n<div class=\"Hhmu2e wDYxhc NFQFxe viOShc LKPcQc\" lang=\"de-AT\" data-md=\"16\" data-hveid=\"CBMQAA\" data-ved=\"2ahUKEwiwkqvopvD2AhUWNuwKHQsbC1cQhyh6BAgTEAA\">\n<div class=\"Ftghae VgfJld\">\n<div class=\"SPZz6b\">\n<h2 class=\"qrShPb kno-ecr-pt PZPZlf HOpgu q8U8x hNKfZe\" data-local-attribute=\"d3bn\" data-attrid=\"title\" data-ved=\"2ahUKEwiwkqvopvD2AhUWNuwKHQsbC1cQ3B0oAXoECBMQCw\">\u00a0<\/h2>\n<\/div>\n<\/div>\n<\/div>\n<\/div>\n<div class=\"FZylgf\">\n<div class=\"eoNQle wDYxhc NFQFxe DVGBBd RsqAUb\">\n<div>\u00a0<\/div>\n<\/div>\n<\/div>\n<\/li>\n<\/ul>\n\n\n<figure class=\"wp-block-gallery has-nested-images columns-default is-cropped wp-block-gallery-1 is-layout-flex wp-block-gallery-is-layout-flex\">\n<figure class=\"wp-block-image\"><img loading=\"lazy\" decoding=\"async\" width=\"1024\" height=\"680\" data-id=\"695\" src=\"http:\/\/mta-gelsen.at\/wp-content\/uploads\/2022\/03\/DSC08116-metamorphosis-of-a-meadow-into-kind-of-lake-1024x680.jpg\" alt=\"Hochwasser nahe Schloss Hof\" class=\"wp-image-695\" srcset=\"http:\/\/mta-gelsen.at\/wp-content\/uploads\/2022\/03\/DSC08116-metamorphosis-of-a-meadow-into-kind-of-lake-1024x680.jpg 1024w, http:\/\/mta-gelsen.at\/wp-content\/uploads\/2022\/03\/DSC08116-metamorphosis-of-a-meadow-into-kind-of-lake-300x199.jpg 300w, http:\/\/mta-gelsen.at\/wp-content\/uploads\/2022\/03\/DSC08116-metamorphosis-of-a-meadow-into-kind-of-lake-768x510.jpg 768w\" sizes=\"(max-width: 1024px) 100vw, 1024px\" \/><figcaption class=\"wp-element-caption\">Hochwasser nahe Schloss Hof<\/figcaption><\/figure>\n\n\n\n<figure class=\"wp-block-image\"><img loading=\"lazy\" decoding=\"async\" width=\"1024\" height=\"680\" data-id=\"696\" src=\"http:\/\/mta-gelsen.at\/wp-content\/uploads\/2022\/03\/DSC08157-larvae-and-pupae-1024x680.jpg\" alt=\"Stechm\u00fccken-Larven und -Puppen\" class=\"wp-image-696\" srcset=\"http:\/\/mta-gelsen.at\/wp-content\/uploads\/2022\/03\/DSC08157-larvae-and-pupae-1024x680.jpg 1024w, http:\/\/mta-gelsen.at\/wp-content\/uploads\/2022\/03\/DSC08157-larvae-and-pupae-300x199.jpg 300w, http:\/\/mta-gelsen.at\/wp-content\/uploads\/2022\/03\/DSC08157-larvae-and-pupae-768x510.jpg 768w\" sizes=\"(max-width: 1024px) 100vw, 1024px\" \/><figcaption class=\"wp-element-caption\">Stechm\u00fccken-Larven und -Puppen<\/figcaption><\/figure>\n\n\n\n<figure class=\"wp-block-image\"><img loading=\"lazy\" decoding=\"async\" width=\"1024\" height=\"576\" data-id=\"697\" src=\"http:\/\/mta-gelsen.at\/wp-content\/uploads\/2022\/03\/20210521_101839-larvae-1024x576.jpg\" alt=\"Stechm\u00fcckenlarven in Wasser nahe dem Ufer\" class=\"wp-image-697\" srcset=\"http:\/\/mta-gelsen.at\/wp-content\/uploads\/2022\/03\/20210521_101839-larvae-1024x576.jpg 1024w, http:\/\/mta-gelsen.at\/wp-content\/uploads\/2022\/03\/20210521_101839-larvae-300x169.jpg 300w, http:\/\/mta-gelsen.at\/wp-content\/uploads\/2022\/03\/20210521_101839-larvae-768x432.jpg 768w\" sizes=\"(max-width: 1024px) 100vw, 1024px\" \/><figcaption class=\"wp-element-caption\">Gelsen-Larven<\/figcaption><\/figure>\n<\/figure>\n","protected":false},"excerpt":{"rendered":"<p>Greift jemand durch irgendwelche Ma\u00dfnahmen in die Natur ein, ist es heutzutage Vorschrift ausf\u00fchrlich zu untersuchen welche Auswirkungen diese Ma\u00dfnahme auf den Naturhaushalt oder die Umwelt allgemein hat. So unterliegt auch unsere Gelsenregulierung strengen Umweltauflagen und der Pflicht des Monitorings. &hellip; <a href=\"http:\/\/mta-gelsen.at\/?page_id=78\">Weiterlesen <span class=\"meta-nav\">&rarr;<\/span><\/a><\/p>\n","protected":false},"author":1,"featured_media":0,"parent":0,"menu_order":5,"comment_status":"closed","ping_status":"closed","template":"","meta":{"footnotes":""},"_links":{"self":[{"href":"http:\/\/mta-gelsen.at\/index.php?rest_route=\/wp\/v2\/pages\/78"}],"collection":[{"href":"http:\/\/mta-gelsen.at\/index.php?rest_route=\/wp\/v2\/pages"}],"about":[{"href":"http:\/\/mta-gelsen.at\/index.php?rest_route=\/wp\/v2\/types\/page"}],"author":[{"embeddable":true,"href":"http:\/\/mta-gelsen.at\/index.php?rest_route=\/wp\/v2\/users\/1"}],"replies":[{"embeddable":true,"href":"http:\/\/mta-gelsen.at\/index.php?rest_route=%2Fwp%2Fv2%2Fcomments&post=78"}],"version-history":[{"count":17,"href":"http:\/\/mta-gelsen.at\/index.php?rest_route=\/wp\/v2\/pages\/78\/revisions"}],"predecessor-version":[{"id":1220,"href":"http:\/\/mta-gelsen.at\/index.php?rest_route=\/wp\/v2\/pages\/78\/revisions\/1220"}],"wp:attachment":[{"href":"http:\/\/mta-gelsen.at\/index.php?rest_route=%2Fwp%2Fv2%2Fmedia&parent=78"}],"curies":[{"name":"wp","href":"https:\/\/api.w.org\/{rel}","templated":true}]}}